{"id":4715,"date":"2021-09-20T19:50:08","date_gmt":"2021-09-20T17:50:08","guid":{"rendered":"https:\/\/caffemoreno.it\/?page_id=4715"},"modified":"2021-09-20T19:50:10","modified_gmt":"2021-09-20T17:50:10","slug":"le-nostre-compatibilita","status":"publish","type":"page","link":"https:\/\/caffemoreno.it\/en\/le-nostre-compatibilita\/","title":{"rendered":"Our compatibilities"},"content":{"rendered":"<p>Per un\u2019azienda come Caff\u00e8 Moreno, sempre pronta a cogliere i trend di consumo, il settore del monoporzionato rappresenta un importante canale distributivo, un comparto dove l\u2019azienda \u00e8 presente da oltre 20 anni, grazie soprattutto alla capacit\u00e0 di rispondere alle richieste del mercato con prodotti di qualit\u00e0.<\/p>\n\n\n\n<p>Moreno \u00e8 stata tra le prime torrefazioni campane a dedicare linee di produzione prima al caff\u00e8 monoporzionato in cialde carta filtro e poi alle capsule compatibili con i formati dei sistemi pi\u00f9 diffusi sul mercato.<\/p>\n\n\n\n<p>Tra i compatibili, che si distinguono per il risultato in tazza delle miscele, sviluppate nel rispetto della tradizione napoletana del caff\u00e8, il portafoglio prodotti comprende capsule compatibili<br><\/p>\n\n\n\n<div class=\"wp-block-columns is-layout-flex wp-container-core-columns-is-layout-1 wp-block-columns-is-layout-flex\">\n<div class=\"wp-block-column is-layout-flow wp-block-column-is-layout-flow\">\n<figure class=\"wp-block-image size-full\"><img fetchpriority=\"high\" decoding=\"async\" width=\"372\" height=\"431\" src=\"https:\/\/caffemoreno.it\/wp-content\/uploads\/2021\/09\/ese.png\" alt=\"\" class=\"wp-image-4720\" srcset=\"https:\/\/caffemoreno.it\/wp-content\/uploads\/2021\/09\/ese.png 372w, https:\/\/caffemoreno.it\/wp-content\/uploads\/2021\/09\/ese-259x300.png 259w\" sizes=\"(max-width: 372px) 100vw, 372px\" \/><\/figure>\n<\/div>\n\n\n\n<div class=\"wp-block-column is-layout-flow wp-block-column-is-layout-flow\">\n<figure class=\"wp-block-image size-full\"><img decoding=\"async\" width=\"372\" height=\"431\" src=\"https:\/\/caffemoreno.it\/wp-content\/uploads\/2021\/09\/nespresso_copia.png\" alt=\"\" class=\"wp-image-4719\" srcset=\"https:\/\/caffemoreno.it\/wp-content\/uploads\/2021\/09\/nespresso_copia.png 372w, https:\/\/caffemoreno.it\/wp-content\/uploads\/2021\/09\/nespresso_copia-259x300.png 259w\" sizes=\"(max-width: 372px) 100vw, 372px\" \/><\/figure>\n<\/div>\n\n\n\n<div class=\"wp-block-column is-layout-flow wp-block-column-is-layout-flow\">\n<figure class=\"wp-block-image size-full\"><img decoding=\"async\" width=\"372\" height=\"431\" src=\"https:\/\/caffemoreno.it\/wp-content\/uploads\/2021\/09\/1_a_modo_mio.png\" alt=\"\" class=\"wp-image-4716\" srcset=\"https:\/\/caffemoreno.it\/wp-content\/uploads\/2021\/09\/1_a_modo_mio.png 372w, https:\/\/caffemoreno.it\/wp-content\/uploads\/2021\/09\/1_a_modo_mio-259x300.png 259w\" sizes=\"(max-width: 372px) 100vw, 372px\" \/><\/figure>\n<\/div>\n\n\n\n<div class=\"wp-block-column is-layout-flow wp-block-column-is-layout-flow\">\n<figure class=\"wp-block-image size-full\"><img loading=\"lazy\" decoding=\"async\" width=\"372\" height=\"431\" src=\"https:\/\/caffemoreno.it\/wp-content\/uploads\/2021\/09\/1_dolce_gusto.png\" alt=\"\" class=\"wp-image-4718\" srcset=\"https:\/\/caffemoreno.it\/wp-content\/uploads\/2021\/09\/1_dolce_gusto.png 372w, https:\/\/caffemoreno.it\/wp-content\/uploads\/2021\/09\/1_dolce_gusto-259x300.png 259w\" sizes=\"(max-width: 372px) 100vw, 372px\" \/><\/figure>\n<\/div>\n\n\n\n<div class=\"wp-block-column is-layout-flow wp-block-column-is-layout-flow\">\n<figure class=\"wp-block-image size-full\"><img loading=\"lazy\" decoding=\"async\" width=\"372\" height=\"431\" src=\"https:\/\/caffemoreno.it\/wp-content\/uploads\/2021\/09\/1_espresso_point.png\" alt=\"\" class=\"wp-image-4717\" srcset=\"https:\/\/caffemoreno.it\/wp-content\/uploads\/2021\/09\/1_espresso_point.png 372w, https:\/\/caffemoreno.it\/wp-content\/uploads\/2021\/09\/1_espresso_point-259x300.png 259w\" sizes=\"(max-width: 372px) 100vw, 372px\" \/><\/figure>\n<\/div>\n<\/div>","protected":false},"excerpt":{"rendered":"Per un\u2019azienda come Caff\u00e8 Moreno, sempre pronta a cogliere i trend di consumo, il settore del monoporzionato rappresenta un importante canale distributivo, un ...","protected":false},"author":1,"featured_media":0,"parent":0,"menu_order":0,"comment_status":"closed","ping_status":"closed","template":"","meta":{"footnotes":""},"aioseo_notices":[],"_links":{"self":[{"href":"https:\/\/caffemoreno.it\/en\/wp-json\/wp\/v2\/pages\/4715"}],"collection":[{"href":"https:\/\/caffemoreno.it\/en\/wp-json\/wp\/v2\/pages"}],"about":[{"href":"https:\/\/caffemoreno.it\/en\/wp-json\/wp\/v2\/types\/page"}],"author":[{"embeddable":true,"href":"https:\/\/caffemoreno.it\/en\/wp-json\/wp\/v2\/users\/1"}],"replies":[{"embeddable":true,"href":"https:\/\/caffemoreno.it\/en\/wp-json\/wp\/v2\/comments?post=4715"}],"version-history":[{"count":1,"href":"https:\/\/caffemoreno.it\/en\/wp-json\/wp\/v2\/pages\/4715\/revisions"}],"predecessor-version":[{"id":4721,"href":"https:\/\/caffemoreno.it\/en\/wp-json\/wp\/v2\/pages\/4715\/revisions\/4721"}],"wp:attachment":[{"href":"https:\/\/caffemoreno.it\/en\/wp-json\/wp\/v2\/media?parent=4715"}],"curies":[{"name":"wp","href":"https:\/\/api.w.org\/{rel}","templated":true}]}}